{"id":107,"date":"2023-03-03T20:53:00","date_gmt":"2023-03-03T20:53:00","guid":{"rendered":"http:\/\/pallotyni.ostroleka.pl\/wp\/?page_id=107"},"modified":"2023-10-08T04:41:37","modified_gmt":"2023-10-08T04:41:37","slug":"nabozenstwa","status":"publish","type":"page","link":"https:\/\/pallotyni.ostroleka.pl\/?page_id=107","title":{"rendered":"Nabo\u017ce\u0144stwa"},"content":{"rendered":"\n<div class=\"wp-block-group has-global-padding is-layout-constrained wp-block-group-is-layout-constrained\">\n<div class=\"wp-block-group has-global-padding is-layout-constrained wp-block-group-is-layout-constrained\">\n<div class=\"wp-block-group has-global-padding is-layout-constrained wp-block-group-is-layout-constrained\">\n<div class=\"wp-block-group has-global-padding is-layout-constrained wp-block-group-is-layout-constrained\">\n<div class=\"wp-block-columns is-layout-flex wp-container-core-columns-is-layout-28f84493 wp-block-columns-is-layout-flex\">\n<div class=\"wp-block-column is-layout-flow wp-block-column-is-layout-flow\">\n<p class=\"has-primary-color has-text-color has-background\" style=\"background-color:#16191c96;font-size:clamp(15.747px, 0.984rem + ((1vw - 3.2px) * 0.971), 24px);\"><strong>Msza \u015awi\u0119ta<\/strong><br><br><strong>Niedziela:<\/strong> 7.00, 9.00, 11.30 (dla dzieci), 18.00       <strong>Dni powszednie:<\/strong> 7.00, 18.00<\/p>\n<\/div>\n<\/div>\n<\/div>\n\n\n\n<div class=\"wp-block-columns is-layout-flex wp-container-core-columns-is-layout-28f84493 wp-block-columns-is-layout-flex\">\n<div class=\"wp-block-column is-layout-flow wp-block-column-is-layout-flow\">\n<p class=\"has-primary-color has-text-color has-background has-medium-font-size\" style=\"background-color:#16191c96\"><strong>ADORACJA NAJ\u015aWI\u0118TSZEGO SAKRAMENTU<\/strong><br><br><strong>czwartek: <\/strong><br>17:00 &#8211; 18:00<br><strong>I pi\u0105tek miesi\u0105ca:<\/strong> <br>17:00 &#8211; 18:00<br><strong>I sobota miesi\u0105ca: <\/strong><br>17:00 &#8211; 18:00<\/p>\n\n\n\n<p class=\"has-primary-color has-text-color has-background\" style=\"background-color:#16191c96\"><strong><strong>Godzinki<\/strong><\/strong><br><strong><br><\/strong>Niedziela\u00a06:30<\/p>\n\n\n\n<p class=\"has-primary-color has-text-color has-background\" style=\"background-color:#16191c99\"><strong><strong>Nabo\u017ce\u0144stwo Wynagradzaj\u0105ce Niepokalanemu Sercu Maryi w pierwsze soboty miesi\u0105ca:<\/strong><\/strong><br><br><strong>1<\/strong>7:00 &#8211; 18:00<\/p>\n\n\n\n<p> <\/p>\n<\/div>\n\n\n\n<div class=\"wp-block-column is-layout-flow wp-block-column-is-layout-flow\">\n<p class=\"has-primary-color has-text-color has-background has-medium-font-size\" style=\"background-color:#16191c96\"><strong>Nabo\u017ce\u0144stwo&nbsp;Majowe:<\/strong><br>17:30<\/p>\n\n\n\n<p class=\"has-primary-color has-text-color has-background has-normal-font-size\" style=\"background-color:#16191c96\"><strong>Nabo\u017ce\u0144stwo&nbsp;Czerwcowe:<\/strong><br>17:30<br><\/p>\n\n\n\n<p class=\"has-primary-color has-text-color has-background has-big-font-size\" style=\"background-color:#16191c96\"><strong>R\u00f3\u017caniec w pa\u017adzierniku:<\/strong><br>17:30 (opr\u00f3cz pierwszego czwartku, pi\u0105tku i soboty, kiedy r\u00f3\u017caniec omawiany jest wcze\u015bniej) <\/p>\n\n\n\n<p class=\"has-primary-color has-text-color has-background has-big-font-size\" style=\"background-color:#16191c96\"><strong>Wypominki listopadowe:<\/strong><br>17:30<\/p>\n<\/div>\n\n\n\n<div class=\"wp-block-column is-layout-flow wp-block-column-is-layout-flow\">\n<p class=\"has-primary-color has-text-color has-background has-medium-font-size\" style=\"background-color:#16191c96\">Roraty w adwencie:<br>poniedzia\u0142ek &#8211; sobota<br>7:00<\/p>\n\n\n\n<p class=\"has-primary-color has-text-color has-background has-medium-font-size\" style=\"background-color:#16191c96\"><strong>Droga Krzy\u017cowa (pi\u0105tki Wielkiego Postu<\/strong>):<br>17:30<\/p>\n\n\n\n<p class=\"has-primary-color has-text-color has-background has-medium-font-size\" style=\"background-color:#16191c96\"><strong>Gorzkie \u017bale:<\/strong><br>niedziele Wielkiego Postu,&nbsp;17:30<\/p>\n\n\n\n<p class=\"has-primary-color has-text-color has-background has-medium-font-size\" style=\"background-color:#16191c96\"><strong>Nabo\u017ce\u0144stwo&nbsp;Fatimskie:<\/strong><br>od maja do pa\u017adziernika, niedziela po 13 dniu miesi\u0105ca,&nbsp;po Mszy \u015bw. o 18:00<\/p>\n<\/div>\n<\/div>\n\n\n\n<p><\/p>\n<\/div>\n<\/div>\n<\/div>\n","protected":false},"excerpt":{"rendered":"<p>Msza \u015awi\u0119ta Niedziela: 7.00, 9.00, 11.30 (dla dzieci), 18.00 Dni powszednie: 7.00, 18.00 ADORACJA NAJ\u015aWI\u0118TSZEGO SAKRAMENTU czwartek: 17:00 &#8211; 18:00I pi\u0105tek miesi\u0105ca: 17:00 &#8211; 18:00I sobota miesi\u0105ca: 17:00 [&hellip;]<\/p>\n","protected":false},"author":2,"featured_media":0,"parent":0,"menu_order":0,"comment_status":"closed","ping_status":"closed","template":"","meta":{"footnotes":""},"class_list":["post-107","page","type-page","status-publish","hentry"],"jetpack_sharing_enabled":true,"_links":{"self":[{"href":"https:\/\/pallotyni.ostroleka.pl\/index.php?rest_route=\/wp\/v2\/pages\/107","targetHints":{"allow":["GET"]}}],"collection":[{"href":"https:\/\/pallotyni.ostroleka.pl\/index.php?rest_route=\/wp\/v2\/pages"}],"about":[{"href":"https:\/\/pallotyni.ostroleka.pl\/index.php?rest_route=\/wp\/v2\/types\/page"}],"author":[{"embeddable":true,"href":"https:\/\/pallotyni.ostroleka.pl\/index.php?rest_route=\/wp\/v2\/users\/2"}],"replies":[{"embeddable":true,"href":"https:\/\/pallotyni.ostroleka.pl\/index.php?rest_route=%2Fwp%2Fv2%2Fcomments&post=107"}],"version-history":[{"count":8,"href":"https:\/\/pallotyni.ostroleka.pl\/index.php?rest_route=\/wp\/v2\/pages\/107\/revisions"}],"predecessor-version":[{"id":497,"href":"https:\/\/pallotyni.ostroleka.pl\/index.php?rest_route=\/wp\/v2\/pages\/107\/revisions\/497"}],"wp:attachment":[{"href":"https:\/\/pallotyni.ostroleka.pl\/index.php?rest_route=%2Fwp%2Fv2%2Fmedia&parent=107"}],"curies":[{"name":"wp","href":"https:\/\/api.w.org\/{rel}","templated":true}]}}