{"id":111,"date":"2023-03-03T20:58:02","date_gmt":"2023-03-03T20:58:02","guid":{"rendered":"http:\/\/pallotyni.ostroleka.pl\/wp\/?page_id=111"},"modified":"2023-11-15T19:51:43","modified_gmt":"2023-11-15T19:51:43","slug":"chrzest","status":"publish","type":"page","link":"https:\/\/pallotyni.ostroleka.pl\/?page_id=111","title":{"rendered":"Chrzest"},"content":{"rendered":"\n<div style=\"height:100px\" aria-hidden=\"true\" class=\"wp-block-spacer\"><\/div>\n\n\n\n<p class=\"has-big-font-size\">Chrzty w naszej parafii odbywaj\u0105 si\u0119 w&nbsp;niedziel\u0119&nbsp;w czasie Mszy \u015bw. o godzinie 11:30.<\/p>\n\n\n\n<ul class=\"has-big-font-size wp-block-list\">\n<li>Przynajmniej dwa tygodnie przed chrztem rodzice musz\u0105 <strong><span style=\"text-decoration: underline;\">osobi\u015bcie<\/span><\/strong> zg\u0142osi\u0107 si\u0119 do kancelarii parafialnej.<br>&nbsp;<\/li>\n\n\n\n<li><strong>W kancelarii nale\u017cy przed\u0142o\u017cy\u0107:<\/strong><br>1. odpis aktu urodzenia dziecka,<br>2. dok\u0142adne dane personalne chrzestnych (imiona, nazwiska, daty urodzenia, miejsca zamieszkania),<br>3. je\u017celi dziecko z rodzicami\/opiekunami pochodz\u0105 z <strong><span style=\"text-decoration: underline;\">innej parafii<\/span><\/strong>, koniecznie jest pozwolenie <strong><span style=\"text-decoration: underline;\">z parafii miejsca swojego realnego\/aktualnego miejsca zamieszkania<\/span><\/strong> (<strong><span style=\"text-decoration: underline;\">nie<\/span> za\u015b z parafii swojego zameldowania<\/strong>, chyba \u017ce miejsce realnego\/aktualnego zamieszkania i zameldowania s\u0105 te same) na udzielenie chrztu w naszej parafii,<br>4. je\u017celi chrzestni pochodz\u0105 z innej parafii, nale\u017cy przedstawi\u0107 za\u015bwiadczenie moralno\u015bci wystawione przez duszpasterza parafii, na terenie kt\u00f3rej mieszkaj\u0105 (zgoda na pe\u0142nienie funkcji ojca\/matki chrzestnego\/chrzestnej); chrzestni z naszej parafii musz\u0105 przyby\u0107 do kancelarii w celu uzyskania zgody na pe\u0142nienie funkcji ojca\/matki chrzestnego\/chrzestnej.<\/li>\n\n\n\n<li>Osoby przebywaj\u0105ce poza granicami Polski musz\u0105 posiada\u0107 pozwolenie na chrzest poza parafi\u0105 swojego aktualnego zamieszkania (wi\u0105\u017ce si\u0119 to z zamieszkaniem parafialnym tymczasowym lub sta\u0142ym zob. kan. 102). <br>&nbsp;<\/li>\n\n\n\n<li>W dniu chrztu nale\u017cy przyby\u0107 do zakrystii ko\u015bcio\u0142a ok. 15 min. przed uroczysto\u015bci\u0105 w celu podpisania ksi\u0119gi chrzt\u00f3w.<br>&nbsp;<\/li>\n\n\n\n<li>Rodzice i chrzestni powinni mie\u0107 ze sob\u0105 \u015bwiec\u0119 chrzcieln\u0105 i bia\u0142\u0105 szat\u0119. Przed chrztem rodzice i chrzestni powinni przyst\u0105pi\u0107 do spowiedzi \u015bw., a w dniu chrztu do Komunii \u015bw. (ofiaruj\u0105c j\u0105 w intencji dziecka).<br>&nbsp;<\/li>\n\n\n\n<li><strong>Wymogi dotycz\u0105ce chrzestnych (wg Kodeksu Prawa Kanonicznego, kan. 874):<\/strong><br>1. uko\u0144czone 16 lat,<br>2. przyj\u0119te sakramenty Eucharystii i Bierzmowania,<br>3. prowadzi \u017cycie zgodne z wiar\u0105 i odpowiadaj\u0105ce funkcji, jak\u0105 ma pe\u0142ni\u0107 (\u017cycie zgodne z przykazaniami Bo\u017cymi i nauk\u0105 Pana Jezusa).<br>&nbsp;<\/li>\n\n\n\n<li>chrzestnym <strong>nie mo\u017ce<\/strong> by\u0107 osoba, kt\u00f3ra: \u017cyje w zwi\u0105zku cywilnym bez \u015blubu ko\u015bcielnego albo pomieszkuje z drug\u0105 osob\u0105 bez \u017cadnego zwi\u0105zku, nie ucz\u0119szcza\/wypisa\u0142a si\u0119 z katechezy; jest oboj\u0119tna religijnie lub prowadzi gorsz\u0105cy tryb \u017cycia; jest rodzicem dziecka.<\/li>\n<\/ul>\n","protected":false},"excerpt":{"rendered":"<p>Chrzty w naszej parafii odbywaj\u0105 si\u0119 w&nbsp;niedziel\u0119&nbsp;w czasie Mszy \u015bw. o godzinie 11:30.<\/p>\n","protected":false},"author":2,"featured_media":0,"parent":0,"menu_order":0,"comment_status":"closed","ping_status":"closed","template":"","meta":{"footnotes":""},"class_list":["post-111","page","type-page","status-publish","hentry"],"jetpack_sharing_enabled":true,"_links":{"self":[{"href":"https:\/\/pallotyni.ostroleka.pl\/index.php?rest_route=\/wp\/v2\/pages\/111","targetHints":{"allow":["GET"]}}],"collection":[{"href":"https:\/\/pallotyni.ostroleka.pl\/index.php?rest_route=\/wp\/v2\/pages"}],"about":[{"href":"https:\/\/pallotyni.ostroleka.pl\/index.php?rest_route=\/wp\/v2\/types\/page"}],"author":[{"embeddable":true,"href":"https:\/\/pallotyni.ostroleka.pl\/index.php?rest_route=\/wp\/v2\/users\/2"}],"replies":[{"embeddable":true,"href":"https:\/\/pallotyni.ostroleka.pl\/index.php?rest_route=%2Fwp%2Fv2%2Fcomments&post=111"}],"version-history":[{"count":14,"href":"https:\/\/pallotyni.ostroleka.pl\/index.php?rest_route=\/wp\/v2\/pages\/111\/revisions"}],"predecessor-version":[{"id":555,"href":"https:\/\/pallotyni.ostroleka.pl\/index.php?rest_route=\/wp\/v2\/pages\/111\/revisions\/555"}],"wp:attachment":[{"href":"https:\/\/pallotyni.ostroleka.pl\/index.php?rest_route=%2Fwp%2Fv2%2Fmedia&parent=111"}],"curies":[{"name":"wp","href":"https:\/\/api.w.org\/{rel}","templated":true}]}}