{"id":116,"date":"2023-03-03T21:04:49","date_gmt":"2023-03-03T21:04:49","guid":{"rendered":"http:\/\/pallotyni.ostroleka.pl\/wp\/?page_id=116"},"modified":"2023-10-14T15:02:05","modified_gmt":"2023-10-14T15:02:05","slug":"slub","status":"publish","type":"page","link":"https:\/\/pallotyni.ostroleka.pl\/?page_id=116","title":{"rendered":"\u015alub"},"content":{"rendered":"\n<div style=\"height:100px\" aria-hidden=\"true\" class=\"wp-block-spacer\"><\/div>\n\n\n\n<p class=\"has-big-font-size\">Protok\u00f3\u0142 przed\u015blubny nale\u017cy spisa\u0107 sze\u015b\u0107 miesi\u0119cy przed \u015blubem!<\/p>\n\n\n\n<ol class=\"has-big-font-size wp-block-list\">\n<li>Termin do uzgodnienia \u2013 nale\u017cy zg\u0142osi\u0107 6 miesi\u0119cy przed \u015blubem.<\/li>\n\n\n\n<li>Dokumenty:<\/li>\n<\/ol>\n\n\n\n<ul class=\"has-big-font-size wp-block-list\">\n<li>dow\u00f3d osobisty;<\/li>\n\n\n\n<li>\u015bwiadectwo chrztu do \u015blubu (nie starsze ni\u017c 3 miesi\u0105ce);<\/li>\n\n\n\n<li>\u015bwiadectwo bierzmowania (gdy nie ma o nim informacji w akcie chrztu);<\/li>\n\n\n\n<li>odpis zupe\u0142ny aktu urodzenia z USC;<\/li>\n\n\n\n<li>\u015bwiadectwo maturalne z ocen\u0105 z religii (w razie wypisania si\u0119 z religii w szkole nale\u017cy <strong><span style=\"text-decoration: underline;\">uzupe\u0142ni\u0107 katechez\u0119<\/span><\/strong>!)<\/li>\n\n\n\n<li>kurs przedma\u0142\u017ce\u0144ski (tzw. <a rel=\"noreferrer noopener\" href=\"http:\/\/www.duszpasterstworodzin.lomza.pl\/do-slubu-krok-po-kroku.html\" target=\"_blank\">spotkania dla narzeczonych<\/a> &#8211; <strong>KROK 2<\/strong>) i <a rel=\"noreferrer noopener\" href=\"http:\/\/www.duszpasterstworodzin.lomza.pl\/poradnie-zycia-rodzinnego.html\" target=\"_blank\">spotkania w poradni \u017cycia rodzinnego<\/a> (<strong>Dekanat Ostro\u0142\u0119cki \u2013 \u015bw. Antoniego<\/strong>)<\/li>\n\n\n\n<li>dokument z USC do \u015blubu konkordatowego (za\u015bwiadczenie o braku okoliczno\u015bci wy\u0142\u0105czaj\u0105cych zawarcie ma\u0142\u017ce\u0144stwa),<\/li>\n\n\n\n<li>je\u015bli narzeczeni s\u0105 spoza naszej parafii, to potrzebuj\u0105 pozwolenia na za\u0142atwienie wszelkich formalno\u015bci \u015blubnych i pob\u0142ogos\u0142awienie zwi\u0105zku z jednej ze swoich parafii (pozwolenie ma by\u0107 wypisane na parafi\u0119 \u015bw. Wojciecha Biskupa i M\u0119czennika w Ostro\u0142\u0119ce),<\/li>\n\n\n\n<li>Je\u015bli jedno z narzeczonych jest cudzoziemcem (otwieraj\u0105c link i rozwijaj\u0105c list\u0119 &#8222;Co musisz zrobi\u0107&#8221;):<br><a rel=\"noreferrer noopener\" href=\"https:\/\/obywatel.gov.pl\/malzenstwo\/slub-koscielny-slub-wyznaniowy\" target=\"_blank\">https:\/\/obywatel.gov.pl\/malzenstwo\/slub-koscielny-slub-wyznaniowy<\/a><\/li>\n<\/ul>\n","protected":false},"excerpt":{"rendered":"<p>Protok\u00f3\u0142 przed\u015blubny nale\u017cy spisa\u0107 sze\u015b\u0107 miesi\u0119cy przed \u015blubem!<\/p>\n","protected":false},"author":2,"featured_media":0,"parent":0,"menu_order":0,"comment_status":"closed","ping_status":"closed","template":"","meta":{"footnotes":""},"class_list":["post-116","page","type-page","status-publish","hentry"],"jetpack_sharing_enabled":true,"_links":{"self":[{"href":"https:\/\/pallotyni.ostroleka.pl\/index.php?rest_route=\/wp\/v2\/pages\/116","targetHints":{"allow":["GET"]}}],"collection":[{"href":"https:\/\/pallotyni.ostroleka.pl\/index.php?rest_route=\/wp\/v2\/pages"}],"about":[{"href":"https:\/\/pallotyni.ostroleka.pl\/index.php?rest_route=\/wp\/v2\/types\/page"}],"author":[{"embeddable":true,"href":"https:\/\/pallotyni.ostroleka.pl\/index.php?rest_route=\/wp\/v2\/users\/2"}],"replies":[{"embeddable":true,"href":"https:\/\/pallotyni.ostroleka.pl\/index.php?rest_route=%2Fwp%2Fv2%2Fcomments&post=116"}],"version-history":[{"count":14,"href":"https:\/\/pallotyni.ostroleka.pl\/index.php?rest_route=\/wp\/v2\/pages\/116\/revisions"}],"predecessor-version":[{"id":510,"href":"https:\/\/pallotyni.ostroleka.pl\/index.php?rest_route=\/wp\/v2\/pages\/116\/revisions\/510"}],"wp:attachment":[{"href":"https:\/\/pallotyni.ostroleka.pl\/index.php?rest_route=%2Fwp%2Fv2%2Fmedia&parent=116"}],"curies":[{"name":"wp","href":"https:\/\/api.w.org\/{rel}","templated":true}]}}