{"id":126,"date":"2023-03-03T21:19:01","date_gmt":"2023-03-03T21:19:01","guid":{"rendered":"http:\/\/pallotyni.ostroleka.pl\/wp\/?page_id=126"},"modified":"2025-09-19T19:24:35","modified_gmt":"2025-09-19T19:24:35","slug":"msze-swiete","status":"publish","type":"page","link":"https:\/\/pallotyni.ostroleka.pl\/?page_id=126","title":{"rendered":"Msze \u015awi\u0119te"},"content":{"rendered":"\n<h4 class=\"wp-block-heading\">Ko\u015bci\u00f3\u0142 \u015bw. Wojciecha w Ostro\u0142\u0119ce:<\/h4>\n\n\n\n<p class=\"has-big-font-size\"><strong>Niedziela:<\/strong><br>7.00, 9.00, 11.30 (dla dzieci), 18.00<\/p>\n\n\n\n<p class=\"has-big-font-size\"><strong>Dni powszednie:<\/strong><br>7.00, 18.00<\/p>\n\n\n\n<h4 class=\"wp-block-heading\">Kaplica \u015bw. Wincentego Pallottiego w Laskowcu:<\/h4>\n\n\n\n<p class=\"has-big-font-size\"><strong>Niedziela:<\/strong><br>8.00, 10.30, 16.00<\/p>\n\n\n\n<p class=\"has-big-font-size\"><strong>Dni powszednie:<\/strong><br>17.00 (od pa\u017adziernika do kwietnia),<br>19.00 (od maja do wrze\u015bnia)<\/p>\n\n\n\n<h4 class=\"wp-block-heading\">Kaplica w Okr\u0119gowym O\u015brodku Wychowawczym w Laskowcu (Niedziela):<\/h4>\n\n\n\n<p class=\"has-big-font-size\">ok. 12.20<\/p>\n\n\n\n<p><\/p>\n\n\n\n<h4 class=\"wp-block-heading\">Uroczysto\u015bci parafialne:<\/h4>\n\n\n\n<p class=\"has-big-font-size\"><strong>22 stycznia:<\/strong> Uroczysto\u015b\u0107 \u015bw. Wincentego Pallottiego, kap\u0142ana<\/p>\n\n\n\n<p class=\"has-big-font-size\"><strong>23 kwietnia:<\/strong> Uroczysto\u015b\u0107 \u015bw. Wojciecha B.M. (odpust)<\/p>\n\n\n\n<p class=\"has-big-font-size\"><strong>Sobota&nbsp; przed Uroczysto\u015bci\u0105 Zes\u0142ania Ducha \u015awi\u0119tego:<\/strong> \u015awi\u0119to NMP Kr\u00f3lowej Aposto\u0142\u00f3w<\/p>\n\n\n\n<p class=\"has-big-font-size\"><strong>15 sierpnia: <\/strong>Uroczysto\u015b\u0107 Wniebowzi\u0119cia NMP (odpust)<\/p>\n\n\n\n<p class=\"has-big-font-size\"><strong>Ostatnia niedziela Roku Liturgicznego:<\/strong> Uroczysto\u015b\u0107 Jezusa Chrystusa Kr\u00f3la Wszech\u015bwiata<\/p>\n","protected":false},"excerpt":{"rendered":"<p>Ko\u015bci\u00f3\u0142 \u015bw. Wojciecha w Ostro\u0142\u0119ce: Niedziela:7.00, 9.00, 11.30 (dla dzieci), 18.00 Dni powszednie:7.00, 18.00 Kaplica \u015bw. Wincentego Pallottiego w Laskowcu: Niedziela:8.00, 10.30, 16.00 Dni powszednie:17.00 (od pa\u017adziernika do [&hellip;]<\/p>\n","protected":false},"author":2,"featured_media":0,"parent":0,"menu_order":0,"comment_status":"closed","ping_status":"closed","template":"","meta":{"footnotes":""},"class_list":["post-126","page","type-page","status-publish","hentry"],"jetpack_sharing_enabled":true,"_links":{"self":[{"href":"https:\/\/pallotyni.ostroleka.pl\/index.php?rest_route=\/wp\/v2\/pages\/126","targetHints":{"allow":["GET"]}}],"collection":[{"href":"https:\/\/pallotyni.ostroleka.pl\/index.php?rest_route=\/wp\/v2\/pages"}],"about":[{"href":"https:\/\/pallotyni.ostroleka.pl\/index.php?rest_route=\/wp\/v2\/types\/page"}],"author":[{"embeddable":true,"href":"https:\/\/pallotyni.ostroleka.pl\/index.php?rest_route=\/wp\/v2\/users\/2"}],"replies":[{"embeddable":true,"href":"https:\/\/pallotyni.ostroleka.pl\/index.php?rest_route=%2Fwp%2Fv2%2Fcomments&post=126"}],"version-history":[{"count":5,"href":"https:\/\/pallotyni.ostroleka.pl\/index.php?rest_route=\/wp\/v2\/pages\/126\/revisions"}],"predecessor-version":[{"id":1345,"href":"https:\/\/pallotyni.ostroleka.pl\/index.php?rest_route=\/wp\/v2\/pages\/126\/revisions\/1345"}],"wp:attachment":[{"href":"https:\/\/pallotyni.ostroleka.pl\/index.php?rest_route=%2Fwp%2Fv2%2Fmedia&parent=126"}],"curies":[{"name":"wp","href":"https:\/\/api.w.org\/{rel}","templated":true}]}}