{"id":130,"date":"2023-03-03T21:24:12","date_gmt":"2023-03-03T21:24:12","guid":{"rendered":"http:\/\/pallotyni.ostroleka.pl\/wp\/?page_id=130"},"modified":"2024-09-03T07:27:27","modified_gmt":"2024-09-03T07:27:27","slug":"pogrzeb-katolicki","status":"publish","type":"page","link":"https:\/\/pallotyni.ostroleka.pl\/?page_id=130","title":{"rendered":"Pogrzeb katolicki"},"content":{"rendered":"\n<p class=\"has-big-font-size\"><strong>Potrzebne dokumenty:<\/strong><\/p>\n\n\n\n<p class=\"has-big-font-size\">&#8211; akt zgonu z Urz\u0119du Stanu Cywilnego<\/p>\n\n\n\n<p class=\"has-big-font-size\">&#8211; \u015bwiadectwo&nbsp;udzielenia sakramentu chorych i wiatyku (je\u015bli zgon nast\u0105pi\u0142 poza parafi\u0105 lub w szpitalu,&nbsp;wystawia je kapelan szpitala)<\/p>\n\n\n\n<p class=\"has-big-font-size\">&#8211; zgoda na pogrzeb od proboszcza (dotyczy&nbsp;zmar\u0142ych, kt\u00f3rzy mieszkali&nbsp;na terenie innej parafii)<\/p>\n\n\n\n<p class=\"has-big-font-size\">Ze wzgl\u0119du na wyj\u0105tkowy charakter, pogrzeb mo\u017cna zg\u0142asza\u0107 przez ca\u0142y dzie\u0144 na plebanii lub w zakrystii.<\/p>\n\n\n\n<p class=\"has-big-font-size\">Katechizm\u00a0Ko\u015bcio\u0142a Katolickiego uczy nas, \u017ce\u00a0w \u015bmierci, b\u0119d\u0105cej rozdzieleniem duszy i cia\u0142a, cia\u0142o cz\u0142owieka ulega\u00a0zniszczeniu, podczas gdy jego dusza idzie na spotkanie z Bogiem. Oznacza to, \u017ce \u015bmier\u0107 nie jest\u00a0ko\u0144cem ludzkiego \u017cycia. Jest o tym mocno przekonany Ko\u015bci\u00f3\u0142, kt\u00f3ry modli si\u0119:\u00a0<em>\u201eAlbowiem \u017cycie Twoich wiernych, o Panie, zmienia si\u0119, ale si\u0119 nie ko\u0144czy, i gdy rozpadnie si\u0119 dom doczesnej pielgrzymki, znajd\u0105 przygotowane w niebie wieczne mieszkanie\u201d. <\/em>Ko\u015bci\u00f3\u0142, kt\u00f3ry jak matka nosi\u0142 sakramentalnie w swoim \u0142onie chrze\u015bcijanina podczas jego ziemskiej pielgrzymki, towarzyszy mu na ko\u0144cu jego drogi, by odda\u0107 go w r\u0119ce Ojca. Ofiaruje on Ojcu, w Chrystusie, dziecko Jego \u0142aski i w nadziei sk\u0142ada w ziemi zasiew cia\u0142a, kt\u00f3re zmartwychwstanie w chwale.<\/p>\n","protected":false},"excerpt":{"rendered":"<p>Potrzebne dokumenty: &#8211; akt zgonu z Urz\u0119du Stanu Cywilnego &#8211; \u015bwiadectwo&nbsp;udzielenia sakramentu chorych i wiatyku (je\u015bli zgon nast\u0105pi\u0142 poza parafi\u0105 lub w szpitalu,&nbsp;wystawia je kapelan szpitala) &#8211; zgoda [&hellip;]<\/p>\n","protected":false},"author":2,"featured_media":0,"parent":0,"menu_order":0,"comment_status":"closed","ping_status":"closed","template":"","meta":{"footnotes":""},"class_list":["post-130","page","type-page","status-publish","hentry"],"jetpack_sharing_enabled":true,"_links":{"self":[{"href":"https:\/\/pallotyni.ostroleka.pl\/index.php?rest_route=\/wp\/v2\/pages\/130","targetHints":{"allow":["GET"]}}],"collection":[{"href":"https:\/\/pallotyni.ostroleka.pl\/index.php?rest_route=\/wp\/v2\/pages"}],"about":[{"href":"https:\/\/pallotyni.ostroleka.pl\/index.php?rest_route=\/wp\/v2\/types\/page"}],"author":[{"embeddable":true,"href":"https:\/\/pallotyni.ostroleka.pl\/index.php?rest_route=\/wp\/v2\/users\/2"}],"replies":[{"embeddable":true,"href":"https:\/\/pallotyni.ostroleka.pl\/index.php?rest_route=%2Fwp%2Fv2%2Fcomments&post=130"}],"version-history":[{"count":2,"href":"https:\/\/pallotyni.ostroleka.pl\/index.php?rest_route=\/wp\/v2\/pages\/130\/revisions"}],"predecessor-version":[{"id":856,"href":"https:\/\/pallotyni.ostroleka.pl\/index.php?rest_route=\/wp\/v2\/pages\/130\/revisions\/856"}],"wp:attachment":[{"href":"https:\/\/pallotyni.ostroleka.pl\/index.php?rest_route=%2Fwp%2Fv2%2Fmedia&parent=130"}],"curies":[{"name":"wp","href":"https:\/\/api.w.org\/{rel}","templated":true}]}}