{"id":134,"date":"2023-03-03T21:36:12","date_gmt":"2023-03-03T21:36:12","guid":{"rendered":"http:\/\/pallotyni.ostroleka.pl\/wp\/?page_id=134"},"modified":"2024-09-03T07:29:58","modified_gmt":"2024-09-03T07:29:58","slug":"sakrament-pokuty-i-pojednania","status":"publish","type":"page","link":"https:\/\/pallotyni.ostroleka.pl\/?page_id=134","title":{"rendered":"Sakrament pokuty i pojednania"},"content":{"rendered":"\n<div style=\"height:100px\" aria-hidden=\"true\" class=\"wp-block-spacer\"><\/div>\n\n\n\n<p class=\"has-big-font-size\">W naszym ko\u015bciele jest sprawowany codziennie\u00a025\u00a0minut\u00a0przed Msz\u0105 \u015awi\u0119t\u0105. W niedziel\u0119 kilka minut przed i w czasie Mszy. W razie nieobecno\u015bci ksi\u0119dza w konfesjonale, zawsze mo\u017cna poprosi\u0107 o spowied\u017a po Mszy.<\/p>\n\n\n\n<p class=\"has-big-font-size\">W pierwsze czwartki,&nbsp;pi\u0105tki i soboty miesi\u0105ca:&nbsp;od 17:00 (dla dzieci, m\u0142odzie\u017cy i doros\u0142ych)&nbsp;oraz w trakcie Mszy \u015awi\u0119tej odprawianej w tym dniu (do zako\u0144czenia kazania).<\/p>\n\n\n\n<p class=\"has-big-font-size\">W&nbsp;pierwsze pi\u0105tki miesi\u0105ca ksi\u0119\u017ca spowiadaj\u0105 i udzielaj\u0105&nbsp;Komunii&nbsp;\u015bw. chorym, kt\u00f3rzy nie mog\u0105 uda\u0107 si\u0119 do ko\u015bcio\u0142a. Aby kap\u0142an nawiedzi\u0142 chorego, nale\u017cy zg\u0142osi\u0107 to wcze\u015bniej w&nbsp;kancelarii parafialnej lub w zakrystii.<\/p>\n","protected":false},"excerpt":{"rendered":"<p>W naszym ko\u015bciele jest sprawowany codziennie\u00a025\u00a0minut\u00a0przed Msz\u0105 \u015awi\u0119t\u0105. W niedziel\u0119 kilka minut przed i w czasie Mszy. W razie nieobecno\u015bci ksi\u0119dza w konfesjonale, zawsze mo\u017cna poprosi\u0107 o spowied\u017a [&hellip;]<\/p>\n","protected":false},"author":2,"featured_media":0,"parent":0,"menu_order":0,"comment_status":"closed","ping_status":"closed","template":"","meta":{"footnotes":""},"class_list":["post-134","page","type-page","status-publish","hentry"],"jetpack_sharing_enabled":true,"_links":{"self":[{"href":"https:\/\/pallotyni.ostroleka.pl\/index.php?rest_route=\/wp\/v2\/pages\/134","targetHints":{"allow":["GET"]}}],"collection":[{"href":"https:\/\/pallotyni.ostroleka.pl\/index.php?rest_route=\/wp\/v2\/pages"}],"about":[{"href":"https:\/\/pallotyni.ostroleka.pl\/index.php?rest_route=\/wp\/v2\/types\/page"}],"author":[{"embeddable":true,"href":"https:\/\/pallotyni.ostroleka.pl\/index.php?rest_route=\/wp\/v2\/users\/2"}],"replies":[{"embeddable":true,"href":"https:\/\/pallotyni.ostroleka.pl\/index.php?rest_route=%2Fwp%2Fv2%2Fcomments&post=134"}],"version-history":[{"count":5,"href":"https:\/\/pallotyni.ostroleka.pl\/index.php?rest_route=\/wp\/v2\/pages\/134\/revisions"}],"predecessor-version":[{"id":858,"href":"https:\/\/pallotyni.ostroleka.pl\/index.php?rest_route=\/wp\/v2\/pages\/134\/revisions\/858"}],"wp:attachment":[{"href":"https:\/\/pallotyni.ostroleka.pl\/index.php?rest_route=%2Fwp%2Fv2%2Fmedia&parent=134"}],"curies":[{"name":"wp","href":"https:\/\/api.w.org\/{rel}","templated":true}]}}