{"id":142,"date":"2023-03-03T21:50:15","date_gmt":"2023-03-03T21:50:15","guid":{"rendered":"http:\/\/pallotyni.ostroleka.pl\/wp\/?page_id=142"},"modified":"2023-03-03T21:50:15","modified_gmt":"2023-03-03T21:50:15","slug":"namaszczenie-chorych","status":"publish","type":"page","link":"https:\/\/pallotyni.ostroleka.pl\/?page_id=142","title":{"rendered":"Namaszczenie chorych"},"content":{"rendered":"\n<div style=\"height:100px\" aria-hidden=\"true\" class=\"wp-block-spacer\"><\/div>\n\n\n\n<p class=\"has-big-font-size\"><strong>\u0141aski namaszczenia chorych powoduj\u0105:<\/strong><\/p>\n\n\n\n<ul class=\"has-big-font-size wp-block-list\">\n<li>zjednoczenie chorego z m\u0119k\u0105 Chrystusa dla dobra chorego i ca\u0142ego Ko\u015bcio\u0142a,<\/li>\n\n\n\n<li>umocnienie do przyjmowania po chrze\u015bcija\u0144sku cierpie\u0144 zwi\u0105zanych z chorob\u0105 lub staro\u015bci\u0105,<\/li>\n\n\n\n<li>przebaczenie grzech\u00f3w, je\u015bli chory nie m\u00f3g\u0142 go otrzyma\u0107 przez sakrament pokuty,<\/li>\n\n\n\n<li>przygotowanie na przej\u015bcie do \u017cycia wiecznego.<\/li>\n<\/ul>\n\n\n\n<p class=\"has-big-font-size\">Aby nawiedzi\u0107 chorego, obowi\u0105zkiem najbli\u017cszej rodziny jest zaproszenie kap\u0142ana. W mieszkaniu powinny by\u0107 przygotowane: st\u00f3\u0142 nakryty bia\u0142ym obrusem (w pobli\u017cu chorego), krzy\u017c i \u015bwieca oraz woda dla chorego.<br>W momencie wizyty ksi\u0119dza wszyscy domownicy powinni modli\u0107 si\u0119 razem z nim o zdrowie dla chorego.<\/p>\n\n\n\n<p class=\"has-big-font-size\"><br><strong>Sakramentu mo\u017cna udzieli\u0107 w nast\u0119puj\u0105cych przypadkach:<\/strong><\/p>\n\n\n\n<ul class=\"has-big-font-size wp-block-list\">\n<li>w razie powa\u017cnej choroby, kt\u00f3ra mo\u017ce zagrozi\u0107 \u017cyciu chorego,<\/li>\n\n\n\n<li>osobom w podesz\u0142ym wieku, kt\u00f3rych opuszczaj\u0105 ju\u017c si\u0142y,<\/li>\n\n\n\n<li>przed operacj\u0105 medyczn\u0105,<\/li>\n\n\n\n<li>powr\u00f3t do zdrowia, je\u015bli to s\u0142u\u017cy dobru duchowemu chorego,<\/li>\n\n\n\n<li>nieprzytomnym i psychicznie chorym, je\u015bli rodzina wie i mo\u017ce potwierdzi\u0107, \u017ce chory \u017cyczy\u0142by sobie tego w warunkach normalnych oraz jest ochrzczonym i praktykuj\u0105cym katolikiem,<\/li>\n\n\n\n<li>sakramentu chorych mo\u017cna udziela\u0107 r\u00f3wnie\u017c dzieciom w sytuacji zagro\u017cenia \u017cycia.<\/li>\n<\/ul>\n\n\n\n<p class=\"has-large-font-size\"><strong>Pami\u0119tajmy! Sakramentu namaszczenia chorych nie udziela si\u0119 ZMAR\u0141YM!<\/strong><\/p>\n","protected":false},"excerpt":{"rendered":"<p>\u0141aski namaszczenia chorych powoduj\u0105: Aby nawiedzi\u0107 chorego, obowi\u0105zkiem najbli\u017cszej rodziny jest zaproszenie kap\u0142ana. W mieszkaniu powinny by\u0107 przygotowane: st\u00f3\u0142 nakryty bia\u0142ym obrusem (w pobli\u017cu chorego), krzy\u017c i \u015bwieca [&hellip;]<\/p>\n","protected":false},"author":2,"featured_media":0,"parent":0,"menu_order":0,"comment_status":"closed","ping_status":"closed","template":"","meta":{"footnotes":""},"class_list":["post-142","page","type-page","status-publish","hentry"],"jetpack_sharing_enabled":true,"_links":{"self":[{"href":"https:\/\/pallotyni.ostroleka.pl\/index.php?rest_route=\/wp\/v2\/pages\/142","targetHints":{"allow":["GET"]}}],"collection":[{"href":"https:\/\/pallotyni.ostroleka.pl\/index.php?rest_route=\/wp\/v2\/pages"}],"about":[{"href":"https:\/\/pallotyni.ostroleka.pl\/index.php?rest_route=\/wp\/v2\/types\/page"}],"author":[{"embeddable":true,"href":"https:\/\/pallotyni.ostroleka.pl\/index.php?rest_route=\/wp\/v2\/users\/2"}],"replies":[{"embeddable":true,"href":"https:\/\/pallotyni.ostroleka.pl\/index.php?rest_route=%2Fwp%2Fv2%2Fcomments&post=142"}],"version-history":[{"count":1,"href":"https:\/\/pallotyni.ostroleka.pl\/index.php?rest_route=\/wp\/v2\/pages\/142\/revisions"}],"predecessor-version":[{"id":143,"href":"https:\/\/pallotyni.ostroleka.pl\/index.php?rest_route=\/wp\/v2\/pages\/142\/revisions\/143"}],"wp:attachment":[{"href":"https:\/\/pallotyni.ostroleka.pl\/index.php?rest_route=%2Fwp%2Fv2%2Fmedia&parent=142"}],"curies":[{"name":"wp","href":"https:\/\/api.w.org\/{rel}","templated":true}]}}