{"id":146,"date":"2023-03-03T22:02:32","date_gmt":"2023-03-03T22:02:32","guid":{"rendered":"http:\/\/pallotyni.ostroleka.pl\/wp\/?page_id=146"},"modified":"2023-11-15T19:52:28","modified_gmt":"2023-11-15T19:52:28","slug":"bierzmowanie","status":"publish","type":"page","link":"https:\/\/pallotyni.ostroleka.pl\/?page_id=146","title":{"rendered":"Bierzmowanie"},"content":{"rendered":"\n<div style=\"height:100px\" aria-hidden=\"true\" class=\"wp-block-spacer\"><\/div>\n\n\n\n<h4 class=\"wp-block-heading has-big-font-size\">fragment Wskaza\u0144 Konferencji Episkopatu Polski dotycz\u0105cych przygotowania do przyj\u0119cia sakramentu bierzmowania:<\/h4>\n\n\n\n<p class=\"has-big-font-size\">&#8222;4. Przygotowanie do sakramentu bierzmowania ma na celu doprowadzenie kandydata do \u201eg\u0142\u0119bszego zjednoczenia z Chrystusem, do wi\u0119kszej za\u017cy\u0142o\u015bci z Duchem \u015awi\u0119tym, Jego dzia\u0142aniami, darami, natchnieniami, aby [\u2026] lepiej podj\u0105\u0107 apostolsk\u0105 odpowiedzialno\u015b\u0107\u201d (KKK 1309). Jego celem jest tak\u017ce wychowanie do \u201eprzynale\u017cno\u015bci do Ko\u015bcio\u0142a Jezusa Chrystusa, zar\u00f3wno do Ko\u015bcio\u0142a powszechnego, jak i wsp\u00f3lnoty parafialnej\u201d (KKK 1309).<\/p>\n\n\n\n<p class=\"has-big-font-size\">5. Przygotowanie do bierzmowania sk\u0142ada si\u0119 z trzech etap\u00f3w: przygotowania dalszego, bli\u017cszego i bezpo\u015bredniego.<\/p>\n\n\n\n<p class=\"has-big-font-size\">a)&nbsp;&nbsp;&nbsp; Przygotowanie dalsze dokonuje si\u0119 od wczesnego dzieci\u0144stwa w rodzinie, nast\u0119pnie poprzez udzia\u0142 w lekcjach religii (katechezie) w szkole a tak\u017ce w katechezie parafialnej przygotowuj\u0105cej do sakrament\u00f3w pokuty i pojednania oraz Eucharystii.<\/p>\n\n\n\n<p class=\"has-big-font-size\">b)&nbsp;&nbsp;&nbsp; Wa\u017cnym etapem przygotowania bli\u017cszego jest udzia\u0142 w nauczaniu religii (katechezie szkolnej) oraz w katechezie parafialnej. Kandydat do bierzmowania powinien zatem regularnie ucz\u0119szcza\u0107 na lekcje religii w szkole lub w innym \u015brodowisku, w kt\u00f3rym pobiera nauk\u0119, a tak\u017ce uczestniczy\u0107 w \u017cyciu Ko\u015bcio\u0142a przez udzia\u0142 niedzielnej i \u015bwi\u0105tecznej Mszy \u015bw. oraz w nabo\u017ce\u0144stwach. Duszpasterz odpowiedzialny za przygotowanie bezpo\u015brednie powinien mie\u0107 przekonanie, \u017ce ka\u017cdy kandydat spe\u0142nia te warunki. W sytuacjach w\u0105tpliwych nale\u017cy uzyska\u0107 stosown\u0105 opini\u0119 od nauczyciela religii.<\/p>\n\n\n\n<p class=\"has-big-font-size\">c)&nbsp;&nbsp;&nbsp; Przygotowanie bezpo\u015brednie dokonuje si\u0119 w dalszym ci\u0105gu poprzez udzia\u0142 w katechezie szkolnej i parafialnej poprzedzaj\u0105cej przyj\u0119cie bierzmowania. Ten ostatni etap przygotowania bli\u017cszego powinien mie\u0107 jednak przede wszystkim charakter duchowy i polega\u0107 na udziale kandydata w systematycznych spotkaniach formacyjnych w parafii, celebracjach liturgicznych, a tak\u017ce rekolekcjach lub dniach skupienia. Optymalnym czasem trwania przygotowania bli\u017cszego i bezpo\u015bredniego do bierzmowania s\u0105 trzy lata (VI-VII-VIII klasa).<\/p>\n\n\n\n<p class=\"has-big-font-size\">d)&nbsp;&nbsp;&nbsp; Przyj\u0119cie sakramentu bierzmowania dokonuje si\u0119 najwcze\u015bniej na zako\u0144czenie klasy VIII, jako wa\u017cne dope\u0142nienie edukacji na etapie szko\u0142y podstawowej.<\/p>\n\n\n\n<p class=\"has-big-font-size\">6. Kandydat powinien przyst\u0105pi\u0107 do sakramentu bierzmowania w stanie \u0142aski u\u015bwi\u0119caj\u0105cej, czyli przyj\u0105\u0107 sakrament pokuty i pojednania (por. KKK 1310).&#8221;<\/p>\n\n\n\n<p>Wymogi dotycz\u0105ce chrzestnych\/\u015bwiadk\u00f3w bierzmowania (wg Kodeksu Prawa Kanonicznego, kan. 874):<\/p>\n\n\n\n<p>1. uko\u0144czone 16 lat,<\/p>\n\n\n\n<p>2. przyj\u0119te sakramenty Eucharystii i Bierzmowania,<\/p>\n\n\n\n<p>3. prowadzi \u017cycie zgodne z wiar\u0105 i odpowiadaj\u0105ce funkcji, jak\u0105 ma pe\u0142ni\u0107 (\u017cycie zgodne z przykazaniami Bo\u017cymi i nauk\u0105 Pana Jezusa). <\/p>\n\n\n\n<p>Chrzestnym\/\u015bwiadkiem bierzmowania <strong>nie mo\u017ce<\/strong> by\u0107 osoba, kt\u00f3ra: \u017cyje w zwi\u0105zku cywilnym bez \u015blubu ko\u015bcielnego albo pomieszkuje z drug\u0105 osob\u0105 bez \u017cadnego zwi\u0105zku, nie ucz\u0119szcza\/wypisa\u0142a si\u0119 z katechezy; jest oboj\u0119tna religijnie lub prowadzi gorsz\u0105cy tryb \u017cycia; jest rodzicem dziecka.<\/p>\n\n\n\n<p class=\"has-large-font-size\"><strong>Termin spotka\u0144 wyznaczany jest przez Prowadz\u0105cego i podawany w og\u0142oszeniach parafialnych!<\/strong><\/p>\n","protected":false},"excerpt":{"rendered":"<p>fragment Wskaza\u0144 Konferencji Episkopatu Polski dotycz\u0105cych przygotowania do przyj\u0119cia sakramentu bierzmowania: &#8222;4. Przygotowanie do sakramentu bierzmowania ma na celu doprowadzenie kandydata do \u201eg\u0142\u0119bszego zjednoczenia z Chrystusem, do wi\u0119kszej [&hellip;]<\/p>\n","protected":false},"author":2,"featured_media":0,"parent":0,"menu_order":0,"comment_status":"closed","ping_status":"closed","template":"","meta":{"footnotes":""},"class_list":["post-146","page","type-page","status-publish","hentry"],"jetpack_sharing_enabled":true,"_links":{"self":[{"href":"https:\/\/pallotyni.ostroleka.pl\/index.php?rest_route=\/wp\/v2\/pages\/146","targetHints":{"allow":["GET"]}}],"collection":[{"href":"https:\/\/pallotyni.ostroleka.pl\/index.php?rest_route=\/wp\/v2\/pages"}],"about":[{"href":"https:\/\/pallotyni.ostroleka.pl\/index.php?rest_route=\/wp\/v2\/types\/page"}],"author":[{"embeddable":true,"href":"https:\/\/pallotyni.ostroleka.pl\/index.php?rest_route=\/wp\/v2\/users\/2"}],"replies":[{"embeddable":true,"href":"https:\/\/pallotyni.ostroleka.pl\/index.php?rest_route=%2Fwp%2Fv2%2Fcomments&post=146"}],"version-history":[{"count":5,"href":"https:\/\/pallotyni.ostroleka.pl\/index.php?rest_route=\/wp\/v2\/pages\/146\/revisions"}],"predecessor-version":[{"id":556,"href":"https:\/\/pallotyni.ostroleka.pl\/index.php?rest_route=\/wp\/v2\/pages\/146\/revisions\/556"}],"wp:attachment":[{"href":"https:\/\/pallotyni.ostroleka.pl\/index.php?rest_route=%2Fwp%2Fv2%2Fmedia&parent=146"}],"curies":[{"name":"wp","href":"https:\/\/api.w.org\/{rel}","templated":true}]}}